{"id":47,"date":"2013-06-19T19:14:05","date_gmt":"2013-06-19T17:14:05","guid":{"rendered":"http:\/\/www.drahtige-figuren.de\/?page_id=47"},"modified":"2015-09-14T21:04:19","modified_gmt":"2015-09-14T19:04:19","slug":"presse","status":"publish","type":"page","link":"https:\/\/www.drahtige-figuren.de\/?page_id=47","title":{"rendered":"Presse"},"content":{"rendered":"<h1>Gelobte Figuren<\/h1>\n<p>Meine Drahtigen Figuren sind vielfach in Zeitungsartikeln gew\u00fcrdigt worden. Hier eine Auswahl:<\/p>\n<h2>Drahtige Abbilder menschlicher Akteure<\/h2>\n<p>&#8222;Ihre drahtige Figuren, die auf das Wesentliche reduziert sind, stehen mittlerweile nicht nur in deutschen Wohnung, die eine oder andere hat es auch \u00fcber den gro\u00dfen Teich geschafft&#8220;, berichtet die Wetterauer Zeitung am 24. August 2013 in einem Portrait.<\/p>\n<p><a href=\"http:\/\/www.drahtige-figuren.de\/wp-content\/uploads\/2013\/06\/wz24.aug_.2013.gif\"><img loading=\"lazy\" decoding=\"async\" class=\"alignnone size-medium wp-image-63\" src=\"http:\/\/www.drahtige-figuren.de\/wp-content\/uploads\/2013\/06\/wz24.aug_.2013-300x260.gif\" alt=\"wz24.aug.2013\" width=\"300\" height=\"260\" srcset=\"https:\/\/www.drahtige-figuren.de\/wp-content\/uploads\/2013\/06\/wz24.aug_.2013-300x260.gif 300w, https:\/\/www.drahtige-figuren.de\/wp-content\/uploads\/2013\/06\/wz24.aug_.2013-1024x887.gif 1024w, https:\/\/www.drahtige-figuren.de\/wp-content\/uploads\/2013\/06\/wz24.aug_.2013-346x300.gif 346w\" sizes=\"auto, (max-width: 300px) 100vw, 300px\" \/><\/a><\/p>\n<h2>Fantastik und Skurrilit\u00e4t<\/h2>\n<p>&#8222;Die zahlreichen kleinen Drahtfiguren Ursula Rickert-Riebs bestechen durch ihre Fantastik und Skurrilit\u00e4t. Ihren eigenartigen Reiz beziehen sie z.T. durch die \u00c4hnlichkeit mit archaischen Kleinplastiken &#8211; z.B. aus minorischer Zeit.&#8220; (Wetterauer Zeitung, 7. August 2012.)<a href=\"http:\/\/www.drahtige-figuren.de\/wp-content\/uploads\/2013\/06\/wz7.August-2012.gif\"><img loading=\"lazy\" decoding=\"async\" class=\"alignnone size-medium wp-image-52\" src=\"http:\/\/www.drahtige-figuren.de\/wp-content\/uploads\/2013\/06\/wz7.August-2012-300x233.gif\" alt=\"wz7.August-2012\" width=\"300\" height=\"233\" srcset=\"https:\/\/www.drahtige-figuren.de\/wp-content\/uploads\/2013\/06\/wz7.August-2012-300x233.gif 300w, https:\/\/www.drahtige-figuren.de\/wp-content\/uploads\/2013\/06\/wz7.August-2012-1024x796.gif 1024w, https:\/\/www.drahtige-figuren.de\/wp-content\/uploads\/2013\/06\/wz7.August-2012-385x300.gif 385w\" sizes=\"auto, (max-width: 300px) 100vw, 300px\" \/><\/a><\/p>\n<h4><strong>\u00dcberraschende Details<\/strong><\/h4>\n<p>&#8222;Uschi Rickert-Rieb, die 1999 ihre erste Figur schuf, regt auf ihre Art die Fantasie an. Ein tanzendes Paar l\u00e4sst spontan erkennen, dass der Titel dieses Werkes nur &#8218;Tango&#8216; hei\u00dfen kann, und eine Damengruppe l\u00e4sst unschwer den Schluss zu, dass man sich hier wohl zum Plausch getroffen hat. &#8218;Dem Betrachter soll es nicht schwer fallen, sich in dem Objekt wiederzufinden &#8211; nachdenklich oder auch schmunzelnd&#8216;, erl\u00e4utert die K\u00fcnstlerin. Sie bringt durch klare Farben und Formen, mit wenigen Mitteln, aber mit einem feinen Gesp\u00fcr f\u00fcr \u00fcberraschende Details eine konkrete Situation auf den Punkt. Ihre &#8218;Drahtigen Figuren&#8220; haben nicht nur in der n\u00e4heren Umgebung, sondern auch in Brasilien, Argentinien und S\u00fcdafrika ihre Liebhaber gefunden.&#8220; (Wetterauer Zeitung, 7. Juli 2007)<\/p>\n<p><a href=\"http:\/\/www.drahtige-figuren.de\/wp-content\/uploads\/2013\/06\/wz7.7.2007.gif\"><img loading=\"lazy\" decoding=\"async\" class=\"alignnone size-medium wp-image-51\" src=\"http:\/\/www.drahtige-figuren.de\/wp-content\/uploads\/2013\/06\/wz7.7.2007-300x278.gif\" alt=\"wz7.7.2007\" width=\"300\" height=\"278\" srcset=\"https:\/\/www.drahtige-figuren.de\/wp-content\/uploads\/2013\/06\/wz7.7.2007-300x278.gif 300w, https:\/\/www.drahtige-figuren.de\/wp-content\/uploads\/2013\/06\/wz7.7.2007-1024x949.gif 1024w, https:\/\/www.drahtige-figuren.de\/wp-content\/uploads\/2013\/06\/wz7.7.2007-323x300.gif 323w\" sizes=\"auto, (max-width: 300px) 100vw, 300px\" \/><\/a><\/p>\n<h5><strong>Blickfang<\/strong><\/h5>\n<p>&#8222;Ein Blickfang waren die &#8222;Drahtmenschen&#8220; der Rosbacherin Uschi Rickert-Rieb, die f\u00fcr ihre Figuren neben Draht nur Papier benutzt und so au\u00dfergew\u00f6hnliche, aber eindrucksvolle Skulpturen geschaffen hat.&#8220; (Wetterauer Zeitung, 7. Juli 2004)<\/p>\n<p><a href=\"http:\/\/www.drahtige-figuren.de\/wp-content\/uploads\/2013\/06\/wz7.7.2004.gif\"><img loading=\"lazy\" decoding=\"async\" class=\"alignnone size-medium wp-image-50\" src=\"http:\/\/www.drahtige-figuren.de\/wp-content\/uploads\/2013\/06\/wz7.7.2004-238x300.gif\" alt=\"wz7.7.2004\" width=\"238\" height=\"300\" srcset=\"https:\/\/www.drahtige-figuren.de\/wp-content\/uploads\/2013\/06\/wz7.7.2004-238x300.gif 238w, https:\/\/www.drahtige-figuren.de\/wp-content\/uploads\/2013\/06\/wz7.7.2004-814x1024.gif 814w\" sizes=\"auto, (max-width: 238px) 100vw, 238px\" \/><\/a><\/p>\n<h5><strong>Fauvistische Z\u00fcge<\/strong><\/h5>\n<p>&#8222;Mit Draht und Papier bringt Uschi Rickert-Rieb zwei Materialien in scheinbar unendlicher Vielfalt zusammen. Meist sind ihre &#8218;drahtigen Figuren&#8216; aus einem St\u00fcck Draht geformt und gebogen, tragen ab und an segelartige Papierleibchen. Es ist auch hier die bewusste Zur\u00fcckhaltung, die den kleinen Zeitgenossen einen melancholischen wie fr\u00f6hlichen, liebenden wie leidenden Ausdruck verleiht. Wenn ein kurviges Hinterteil dann noch farbig pointiert wird, nimmt die filigrane Drahtgesellschaft fast fauvistische Z\u00fcge an.&#8220; \u00a0 (Frankfurter Rundschau, 28.5.2002)<\/p>\n<p><a href=\"http:\/\/www.drahtige-figuren.de\/wp-content\/uploads\/2013\/06\/fr28.5.2002.gif\"><img loading=\"lazy\" decoding=\"async\" class=\"alignnone size-medium wp-image-49\" src=\"http:\/\/www.drahtige-figuren.de\/wp-content\/uploads\/2013\/06\/fr28.5.2002-300x257.gif\" alt=\"fr28.5.2002\" width=\"300\" height=\"257\" srcset=\"https:\/\/www.drahtige-figuren.de\/wp-content\/uploads\/2013\/06\/fr28.5.2002-300x257.gif 300w, https:\/\/www.drahtige-figuren.de\/wp-content\/uploads\/2013\/06\/fr28.5.2002-1024x878.gif 1024w, https:\/\/www.drahtige-figuren.de\/wp-content\/uploads\/2013\/06\/fr28.5.2002-349x300.gif 349w\" sizes=\"auto, (max-width: 300px) 100vw, 300px\" \/><\/a><\/p>\n<h5><strong>Beinahe karikierende Formen<\/strong><\/h5>\n<p>&#8222;Uschi Rickert-Rieb schafft aus Draht und Papier Figuren, die durch ihre schlichten, beinahe karikierenden Formen leben. Die P\u00e4dagogin mit handwerklicher Ausbildung kreierte ihre erste Figur vor zwei Jahren, inspiriert durch ein Strichm\u00e4nnchen auf einem Plakat in Frankreich. Ausgestellt hat sie ihre Arbeiten bisher in ihrer Heimatstadt Rosbach, in B\u00fcdingen, Altenstadt, Kronberg und im Sommer bei Horizonte in Friedberg. Eine grazile Dame verschafft sich mit raumgreifendem Gestus Aufmerksamkeit. Ein Paar tanzt engumschlungen. Im Scheinwerferlicht f\u00fchren sie ihren Tanz vor und entfalten so ein faszinierendes Schattenspiel. Einige Figuren sind in alte restaurierte Fensterrahmen eingearbeitet. Es enstehen &#8218;Schaufensterbilder&#8216;.\u00a0 Die Frau am Fenster, auf Ellbogen gest\u00fctzt, wirkt so lebendig, dass man am liebsten ein Schw\u00e4tzchen halten m\u00f6chte. Der Betrachter erkennt sich selbst wieder.&#8220; (Wetterauer Zeitung, 28. 11. 2001)<\/p>\n<p><a href=\"http:\/\/www.drahtige-figuren.de\/wp-content\/uploads\/2013\/06\/bz28.11.2001.gif\"><img loading=\"lazy\" decoding=\"async\" class=\"alignnone size-medium wp-image-48\" src=\"http:\/\/www.drahtige-figuren.de\/wp-content\/uploads\/2013\/06\/bz28.11.2001-300x109.gif\" alt=\"bz28.11.2001\" width=\"300\" height=\"109\" srcset=\"https:\/\/www.drahtige-figuren.de\/wp-content\/uploads\/2013\/06\/bz28.11.2001-300x109.gif 300w, https:\/\/www.drahtige-figuren.de\/wp-content\/uploads\/2013\/06\/bz28.11.2001-1024x372.gif 1024w, https:\/\/www.drahtige-figuren.de\/wp-content\/uploads\/2013\/06\/bz28.11.2001-500x181.gif 500w\" sizes=\"auto, (max-width: 300px) 100vw, 300px\" \/><\/a><\/p>\n<p><strong>Bis zum Horizont<\/strong><\/p>\n<p>Zur Ausstellung gemeinsam mit Christa Kleinschmidt in der Hofgalerie in W\u00f6lfersheim schreibt die Wetterauer Zeitung: &#8222;Die Werke von Rickert-Rieb haben nicht nur Freunde in der Wetterau und der erweiterten Rhein-Main-Region gefunden, sondern sie tragten auch die Reise bis nach Amerika an.&#8220;<\/p>\n<p><a href=\"http:\/\/www.drahtige-figuren.de\/wp-content\/uploads\/2013\/06\/Unbenannt-1.gif\"><img loading=\"lazy\" decoding=\"async\" class=\"alignright size-large wp-image-301\" src=\"http:\/\/www.drahtige-figuren.de\/wp-content\/uploads\/2013\/06\/Unbenannt-1-700x1024.gif\" alt=\"Unbenannt-1\" width=\"584\" height=\"854\" srcset=\"https:\/\/www.drahtige-figuren.de\/wp-content\/uploads\/2013\/06\/Unbenannt-1-700x1024.gif 700w, https:\/\/www.drahtige-figuren.de\/wp-content\/uploads\/2013\/06\/Unbenannt-1-205x300.gif 205w\" sizes=\"auto, (max-width: 584px) 100vw, 584px\" \/><\/a><\/p>\n<p>&nbsp;<\/p>\n<div class=\"twoclick_social_bookmarks_post_47 social_share_privacy clearfix 1.6.4 locale-de_DE sprite-de_DE\"><\/div><div class=\"twoclick-js\"><script type=\"text\/javascript\">\/* <![CDATA[ *\/\njQuery(document).ready(function($){if($('.twoclick_social_bookmarks_post_47')){$('.twoclick_social_bookmarks_post_47').socialSharePrivacy({\"services\":{\"facebook\":{\"status\":\"on\",\"txt_info\":\"2 Klicks f\\u00fcr mehr Datenschutz: Erst wenn Sie hier klicken, wird der Button aktiv und Sie k\\u00f6nnen Ihre Empfehlung an Facebook senden. Schon beim Aktivieren werden Daten an Dritte \\u00fcbertragen - siehe <em>i<\\\/em>.\",\"perma_option\":\"off\",\"action\":\"recommend\",\"language\":\"de_DE\"},\"twitter\":{\"reply_to\":\"\",\"tweet_text\":\"Presse%20%C2%BB%20\",\"status\":\"on\",\"txt_info\":\"2 Klicks f\\u00fcr mehr Datenschutz: Erst wenn Sie hier klicken, wird der Button aktiv und Sie k\\u00f6nnen Ihre Empfehlung an Twitter senden. Schon beim Aktivieren werden Daten an Dritte \\u00fcbertragen - siehe <em>i<\\\/em>.\",\"perma_option\":\"off\",\"language\":\"de\",\"referrer_track\":\"\"},\"gplus\":{\"status\":\"on\",\"txt_info\":\"2 Klicks f\\u00fcr mehr Datenschutz: Erst wenn Sie hier klicken, wird der Button aktiv und Sie k\\u00f6nnen Ihre Empfehlung an Google+ senden. Schon beim Aktivieren werden Daten an Dritte \\u00fcbertragen - siehe <em>i<\\\/em>.\",\"perma_option\":\"off\",\"referrer_track\":\"\"},\"flattr\":{\"uid\":\"\",\"status\":\"on\",\"the_title\":\"Presse\",\"the_excerpt\":\"Gelobte%20Figuren%0D%0AMeine%20Drahtigen%20Figuren%20sind%20vielfach%20in%20Zeitungsartikeln%20gew%C3%BCrdigt%20worden.%20Hier%20eine%20Auswahl%3A%0D%0ADrahtige%20Abbilder%20menschlicher%20Akteure%0D%0A%22Ihre%20drahtige%20Figuren%2C%20die%20auf%20das%20Wesentliche%20reduziert%20sind%2C%20stehen%20mittlerweile%20nicht%20nur%20in%20deutschen%20Wohnung%2C%20die%20eine%20oder%20andere%20hat%20es%20auch%20%C3%BCber%20den%20gro%C3%9Fen%20Teich%20geschafft%22%2C%20berichtet%20die%20Wetterauer%20Zeitung%20am%2024.%20August%202013%20in%20einem%20...\",\"txt_info\":\"2 Klicks f\\u00fcr mehr Datenschutz: Erst wenn Sie hier klicken, wird der Button aktiv und Sie k\\u00f6nnen Ihre Empfehlung an Flattr senden. Schon beim Aktivieren werden Daten an Dritte \\u00fcbertragen - siehe <em>i<\\\/em>.\",\"perma_option\":\"off\"},\"xing\":{\"status\":\"on\",\"txt_info\":\"2 Klicks f\\u00fcr mehr Datenschutz: Erst wenn Sie hier klicken, wird der Button aktiv und Sie k\\u00f6nnen Ihre Empfehlung an Xing senden. Schon beim Aktivieren werden Daten an Dritte \\u00fcbertragen - siehe <em>i<\\\/em>.\",\"perma_option\":\"off\",\"language\":\"de\",\"referrer_track\":\"\"},\"linkedin\":{\"status\":\"on\",\"txt_info\":\"2 Klicks f\\u00fcr mehr Datenschutz: Erst wenn Sie hier klicken, wird der Button aktiv und Sie k\\u00f6nnen Ihre Empfehlung an LinkedIn senden. Schon beim Aktivieren werden Daten an Dritte \\u00fcbertragen - siehe <em>i<\\\/em>.\",\"perma_option\":\"off\"}},\"txt_help\":\"Wenn Sie diese Felder durch einen Klick aktivieren, werden Informationen an Facebook, Twitter, Flattr, Xing, t3n, LinkedIn, Pinterest oder Google eventuell ins Ausland \\u00fcbertragen und unter Umst\\u00e4nden auch dort gespeichert. N\\u00e4heres erfahren Sie durch einen Klick auf das <em>i<\\\/em>.\",\"settings_perma\":\"Dauerhaft aktivieren und Daten\\u00fcber-tragung zustimmen:\",\"info_link\":\"http:\\\/\\\/www.heise.de\\\/ct\\\/artikel\\\/2-Klicks-fuer-mehr-Datenschutz-1333879.html\",\"uri\":\"https:\\\/\\\/www.drahtige-figuren.de\\\/?page_id=47\",\"post_id\":47,\"post_title_referrer_track\":\"Presse\",\"display_infobox\":\"on\"});}});\n\/* ]]> *\/<\/script><\/div>","protected":false},"excerpt":{"rendered":"<p>Gelobte Figuren Meine Drahtigen Figuren sind vielfach in Zeitungsartikeln gew\u00fcrdigt worden. Hier eine Auswahl: Drahtige Abbilder menschlicher Akteure &#8222;Ihre drahtige Figuren, die auf das Wesentliche reduziert sind, stehen mittlerweile nicht nur in deutschen Wohnung, die eine oder andere hat es &hellip; <a href=\"https:\/\/www.drahtige-figuren.de\/?page_id=47\">Weiterlesen <span class=\"meta-nav\">&rarr;<\/span><\/a><\/p>\n","protected":false},"author":1,"featured_media":0,"parent":0,"menu_order":0,"comment_status":"open","ping_status":"open","template":"","meta":{"footnotes":""},"class_list":["post-47","page","type-page","status-publish","hentry"],"yoast_head":"<!-- This site is optimized with the Yoast SEO plugin v27.0 - https:\/\/yoast.com\/product\/yoast-seo-wordpress\/ -->\n<title>Presse - ausgew\u00e4hlte Zeitungsartikel zu Drahtige Figuren<\/title>\n<meta name=\"description\" content=\"Artikel aus Zeitung (Wetterauer Zeitung, Frankfurter Rundschau) \u00fcber die Drahtigen Figuren von Ursula Rickert-Rieb, fauvistische Z\u00fcge, \u00fcberraschende Details, Blickfang, beinahe karikierend lauten die Urteile der Journalisten\" \/>\n<meta name=\"robots\" content=\"index, follow, max-snippet:-1, max-image-preview:large, max-video-preview:-1\" \/>\n<link rel=\"canonical\" href=\"https:\/\/www.drahtige-figuren.de\/?page_id=47\" \/>\n<meta name=\"twitter:label1\" content=\"Gesch\u00e4tzte Lesezeit\" \/>\n\t<meta name=\"twitter:data1\" content=\"3\u00a0Minuten\" \/>\n<script type=\"application\/ld+json\" class=\"yoast-schema-graph\">{\"@context\":\"https:\/\/schema.org\",\"@graph\":[{\"@type\":\"WebPage\",\"@id\":\"https:\/\/www.drahtige-figuren.de\/?page_id=47\",\"url\":\"https:\/\/www.drahtige-figuren.de\/?page_id=47\",\"name\":\"Presse - ausgew\u00e4hlte Zeitungsartikel zu Drahtige Figuren\",\"isPartOf\":{\"@id\":\"https:\/\/www.drahtige-figuren.de\/#website\"},\"primaryImageOfPage\":{\"@id\":\"https:\/\/www.drahtige-figuren.de\/?page_id=47#primaryimage\"},\"image\":{\"@id\":\"https:\/\/www.drahtige-figuren.de\/?page_id=47#primaryimage\"},\"thumbnailUrl\":\"http:\/\/www.drahtige-figuren.de\/wp-content\/uploads\/2013\/06\/wz24.aug_.2013-300x260.gif\",\"datePublished\":\"2013-06-19T17:14:05+00:00\",\"dateModified\":\"2015-09-14T19:04:19+00:00\",\"description\":\"Artikel aus Zeitung (Wetterauer Zeitung, Frankfurter Rundschau) \u00fcber die Drahtigen Figuren von Ursula Rickert-Rieb, fauvistische Z\u00fcge, \u00fcberraschende Details, Blickfang, beinahe karikierend lauten die Urteile der Journalisten\",\"breadcrumb\":{\"@id\":\"https:\/\/www.drahtige-figuren.de\/?page_id=47#breadcrumb\"},\"inLanguage\":\"de\",\"potentialAction\":[{\"@type\":\"ReadAction\",\"target\":[\"https:\/\/www.drahtige-figuren.de\/?page_id=47\"]}]},{\"@type\":\"ImageObject\",\"inLanguage\":\"de\",\"@id\":\"https:\/\/www.drahtige-figuren.de\/?page_id=47#primaryimage\",\"url\":\"https:\/\/www.drahtige-figuren.de\/wp-content\/uploads\/2013\/06\/wz24.aug_.2013.gif\",\"contentUrl\":\"https:\/\/www.drahtige-figuren.de\/wp-content\/uploads\/2013\/06\/wz24.aug_.2013.gif\",\"width\":1285,\"height\":1114},{\"@type\":\"BreadcrumbList\",\"@id\":\"https:\/\/www.drahtige-figuren.de\/?page_id=47#breadcrumb\",\"itemListElement\":[{\"@type\":\"ListItem\",\"position\":1,\"name\":\"Home\",\"item\":\"https:\/\/www.drahtige-figuren.de\/\"},{\"@type\":\"ListItem\",\"position\":2,\"name\":\"Presse\"}]},{\"@type\":\"WebSite\",\"@id\":\"https:\/\/www.drahtige-figuren.de\/#website\",\"url\":\"https:\/\/www.drahtige-figuren.de\/\",\"name\":\"\",\"description\":\"\",\"potentialAction\":[{\"@type\":\"SearchAction\",\"target\":{\"@type\":\"EntryPoint\",\"urlTemplate\":\"https:\/\/www.drahtige-figuren.de\/?s={search_term_string}\"},\"query-input\":{\"@type\":\"PropertyValueSpecification\",\"valueRequired\":true,\"valueName\":\"search_term_string\"}}],\"inLanguage\":\"de\"}]}<\/script>\n<!-- \/ Yoast SEO plugin. -->","yoast_head_json":{"title":"Presse - ausgew\u00e4hlte Zeitungsartikel zu Drahtige Figuren","description":"Artikel aus Zeitung (Wetterauer Zeitung, Frankfurter Rundschau) \u00fcber die Drahtigen Figuren von Ursula Rickert-Rieb, fauvistische Z\u00fcge, \u00fcberraschende Details, Blickfang, beinahe karikierend lauten die Urteile der Journalisten","robots":{"index":"index","follow":"follow","max-snippet":"max-snippet:-1","max-image-preview":"max-image-preview:large","max-video-preview":"max-video-preview:-1"},"canonical":"https:\/\/www.drahtige-figuren.de\/?page_id=47","twitter_misc":{"Gesch\u00e4tzte Lesezeit":"3\u00a0Minuten"},"schema":{"@context":"https:\/\/schema.org","@graph":[{"@type":"WebPage","@id":"https:\/\/www.drahtige-figuren.de\/?page_id=47","url":"https:\/\/www.drahtige-figuren.de\/?page_id=47","name":"Presse - ausgew\u00e4hlte Zeitungsartikel zu Drahtige Figuren","isPartOf":{"@id":"https:\/\/www.drahtige-figuren.de\/#website"},"primaryImageOfPage":{"@id":"https:\/\/www.drahtige-figuren.de\/?page_id=47#primaryimage"},"image":{"@id":"https:\/\/www.drahtige-figuren.de\/?page_id=47#primaryimage"},"thumbnailUrl":"http:\/\/www.drahtige-figuren.de\/wp-content\/uploads\/2013\/06\/wz24.aug_.2013-300x260.gif","datePublished":"2013-06-19T17:14:05+00:00","dateModified":"2015-09-14T19:04:19+00:00","description":"Artikel aus Zeitung (Wetterauer Zeitung, Frankfurter Rundschau) \u00fcber die Drahtigen Figuren von Ursula Rickert-Rieb, fauvistische Z\u00fcge, \u00fcberraschende Details, Blickfang, beinahe karikierend lauten die Urteile der Journalisten","breadcrumb":{"@id":"https:\/\/www.drahtige-figuren.de\/?page_id=47#breadcrumb"},"inLanguage":"de","potentialAction":[{"@type":"ReadAction","target":["https:\/\/www.drahtige-figuren.de\/?page_id=47"]}]},{"@type":"ImageObject","inLanguage":"de","@id":"https:\/\/www.drahtige-figuren.de\/?page_id=47#primaryimage","url":"https:\/\/www.drahtige-figuren.de\/wp-content\/uploads\/2013\/06\/wz24.aug_.2013.gif","contentUrl":"https:\/\/www.drahtige-figuren.de\/wp-content\/uploads\/2013\/06\/wz24.aug_.2013.gif","width":1285,"height":1114},{"@type":"BreadcrumbList","@id":"https:\/\/www.drahtige-figuren.de\/?page_id=47#breadcrumb","itemListElement":[{"@type":"ListItem","position":1,"name":"Home","item":"https:\/\/www.drahtige-figuren.de\/"},{"@type":"ListItem","position":2,"name":"Presse"}]},{"@type":"WebSite","@id":"https:\/\/www.drahtige-figuren.de\/#website","url":"https:\/\/www.drahtige-figuren.de\/","name":"","description":"","potentialAction":[{"@type":"SearchAction","target":{"@type":"EntryPoint","urlTemplate":"https:\/\/www.drahtige-figuren.de\/?s={search_term_string}"},"query-input":{"@type":"PropertyValueSpecification","valueRequired":true,"valueName":"search_term_string"}}],"inLanguage":"de"}]}},"jetpack_sharing_enabled":true,"_links":{"self":[{"href":"https:\/\/www.drahtige-figuren.de\/index.php?rest_route=\/wp\/v2\/pages\/47","targetHints":{"allow":["GET"]}}],"collection":[{"href":"https:\/\/www.drahtige-figuren.de\/index.php?rest_route=\/wp\/v2\/pages"}],"about":[{"href":"https:\/\/www.drahtige-figuren.de\/index.php?rest_route=\/wp\/v2\/types\/page"}],"author":[{"embeddable":true,"href":"https:\/\/www.drahtige-figuren.de\/index.php?rest_route=\/wp\/v2\/users\/1"}],"replies":[{"embeddable":true,"href":"https:\/\/www.drahtige-figuren.de\/index.php?rest_route=%2Fwp%2Fv2%2Fcomments&post=47"}],"version-history":[{"count":7,"href":"https:\/\/www.drahtige-figuren.de\/index.php?rest_route=\/wp\/v2\/pages\/47\/revisions"}],"predecessor-version":[{"id":302,"href":"https:\/\/www.drahtige-figuren.de\/index.php?rest_route=\/wp\/v2\/pages\/47\/revisions\/302"}],"wp:attachment":[{"href":"https:\/\/www.drahtige-figuren.de\/index.php?rest_route=%2Fwp%2Fv2%2Fmedia&parent=47"}],"curies":[{"name":"wp","href":"https:\/\/api.w.org\/{rel}","templated":true}]}}